{"id":602,"date":"2026-03-22T10:45:43","date_gmt":"2026-03-22T10:45:43","guid":{"rendered":"https:\/\/encompass-performance.de\/?page_id=602"},"modified":"2026-04-08T16:35:49","modified_gmt":"2026-04-08T16:35:49","slug":"leistungsportfolio","status":"publish","type":"page","link":"https:\/\/encompass-performance.de\/en\/leistungsportfolio\/","title":{"rendered":"Leistungsportfolio"},"content":{"rendered":"<div class=\"wp-block-group alignfull is-style-ext-preset--group--natural-1--section has-background-background-color has-background has-global-padding is-layout-constrained wp-container-core-group-is-layout-2a1eda33 wp-block-group-is-layout-constrained\" style=\"margin-top:0;margin-bottom:0;padding-top:1.9rem;padding-bottom:1.9rem\">\n<div class=\"wp-block-group alignwide ext-is-logical-start has-contrast-dark-color has-text-color has-link-color wp-elements-7b537ef6851ce7f8ca5f77c519752e30 is-layout-flow wp-container-core-group-is-layout-59618c3d wp-block-group-is-layout-flow\" style=\"padding-right:0;padding-left:0\">\n<p class=\"has-text-align-left ext-animate--on has-contrast-dark-color has-text-color has-link-color wp-elements-a4aa053c82852fb4f17452bc8777b658\" style=\"margin-top:0rem;margin-right:0;margin-bottom:var(--wp--preset--spacing--superbspacing-small);margin-left:0\">The service portfolio of <em>Encompass Performance \u2013 Health Coaching &amp; Consulting<\/em> includes four core offerings designed to meet the needs of modern organizations. They focus on two critical dimensions of healthy leadership: the individual health and performance of leaders, and the development of a health-conscious team culture. All formats are modular, practical, and evidence-based, and can be tailored in scope and focus to each organization.<\/p>\n<\/div>\n\n\n\n<div class=\"wp-block-columns alignwide is-layout-flex wp-container-core-columns-is-layout-28f84493 wp-block-columns-is-layout-flex\">\n<div class=\"wp-block-column is-vertically-aligned-stretch ext-animate--on is-layout-flow wp-block-column-is-layout-flow\">\n<div class=\"wp-block-group is-style-ext-preset--group--natural-1--item-card-1--align-start has-tertiary-background-color has-background is-vertical is-content-justification-stretch is-layout-flex wp-container-core-group-is-layout-4cb539e6 wp-block-group-is-layout-flex\" style=\"min-height:100%;padding-top:0;padding-right:0;padding-bottom:0;padding-left:0\">\n<figure class=\"wp-block-image size-full\"><img fetchpriority=\"high\" decoding=\"async\" width=\"768\" height=\"576\" src=\"https:\/\/encompass-performance.de\/wp-content\/uploads\/2026\/03\/761275ee-aca8-4e21-b467-e5aa04749ec4.jpg\" alt=\"\" class=\"wp-image-163\" style=\"aspect-ratio:1;object-fit:cover\" srcset=\"https:\/\/encompass-performance.de\/wp-content\/uploads\/2026\/03\/761275ee-aca8-4e21-b467-e5aa04749ec4.jpg 768w, https:\/\/encompass-performance.de\/wp-content\/uploads\/2026\/03\/761275ee-aca8-4e21-b467-e5aa04749ec4-300x225.jpg 300w, https:\/\/encompass-performance.de\/wp-content\/uploads\/2026\/03\/761275ee-aca8-4e21-b467-e5aa04749ec4-16x12.jpg 16w\" sizes=\"(max-width: 768px) 100vw, 768px\" \/><\/figure>\n\n\n\n<div class=\"wp-block-group is-style-default wp-container-content-9cfa9a5a is-vertical is-content-justification-stretch is-layout-flex wp-container-core-group-is-layout-81fd15d3 wp-block-group-is-layout-flex\" style=\"margin-top:0;padding-top:1.5rem;padding-right:0rem;padding-bottom:1.5rem;padding-left:0rem\">\n<div class=\"wp-block-columns is-not-stacked-on-mobile is-layout-flex wp-container-core-columns-is-layout-b07edb8f wp-block-columns-is-layout-flex\">\n<div class=\"wp-block-column is-layout-flow wp-block-column-is-layout-flow\" style=\"flex-basis:100%\">\n<h3 class=\"wp-block-heading has-mono-1-color has-text-color has-link-color has-medium-font-size wp-elements-d3b011f2b6f6a4e262ac66afd19a2344\">1:1 Executive Health Coaching<\/h3>\n\n\n\n<p class=\"has-contrast-dark-color has-text-color has-link-color has-superbfont-xsmall-font-size wp-elements-37099fa200fcba8290b1724511f78a27\" style=\"margin-top:4px;margin-bottom:0\">Tailored coaching packages for leaders and high performers.\nAcross multiple sessions, key health drivers are assessed, clear goals are defined, and practical strategies are implemented \u2014 from nutrition and sleep to stress management.\nAvailable online or on-site.<\/p>\n<\/div>\n<\/div>\n<\/div>\n<\/div>\n<\/div>\n\n\n\n<div class=\"wp-block-column is-vertically-aligned-stretch ext-animate--on is-layout-flow wp-block-column-is-layout-flow\">\n<div class=\"wp-block-group is-style-ext-preset--group--natural-1--item-card-1--align-start has-tertiary-background-color has-background is-vertical is-content-justification-stretch is-layout-flex wp-container-core-group-is-layout-4cb539e6 wp-block-group-is-layout-flex\" style=\"min-height:100%;padding-top:0;padding-right:0;padding-bottom:0;padding-left:0\">\n<figure class=\"wp-block-image size-full\"><img decoding=\"async\" width=\"768\" height=\"576\" src=\"https:\/\/encompass-performance.de\/wp-content\/uploads\/2026\/03\/0c8034c4-9ec5-4fc7-ae1a-9a6a5f891d83.jpg\" alt=\"\" class=\"wp-image-158\" style=\"aspect-ratio:1;object-fit:cover\" srcset=\"https:\/\/encompass-performance.de\/wp-content\/uploads\/2026\/03\/0c8034c4-9ec5-4fc7-ae1a-9a6a5f891d83.jpg 768w, https:\/\/encompass-performance.de\/wp-content\/uploads\/2026\/03\/0c8034c4-9ec5-4fc7-ae1a-9a6a5f891d83-300x225.jpg 300w, https:\/\/encompass-performance.de\/wp-content\/uploads\/2026\/03\/0c8034c4-9ec5-4fc7-ae1a-9a6a5f891d83-16x12.jpg 16w\" sizes=\"(max-width: 768px) 100vw, 768px\" \/><\/figure>\n\n\n\n<div class=\"wp-block-group is-style-default wp-container-content-9cfa9a5a is-vertical is-content-justification-stretch is-layout-flex wp-container-core-group-is-layout-81fd15d3 wp-block-group-is-layout-flex\" style=\"margin-top:0;padding-top:1.5rem;padding-right:0rem;padding-bottom:1.5rem;padding-left:0rem\">\n<div class=\"wp-block-columns is-not-stacked-on-mobile is-layout-flex wp-container-core-columns-is-layout-ea69a204 wp-block-columns-is-layout-flex\">\n<div class=\"wp-block-column is-layout-flow wp-block-column-is-layout-flow\" style=\"flex-basis:100%\">\n<h3 class=\"wp-block-heading has-mono-1-color has-text-color has-link-color has-medium-font-size wp-elements-2319d45120064b7537f568b5dda2b4ae\">Health Experience Workshops<\/h3>\n\n\n\n<p class=\"has-contrast-dark-color has-text-color has-link-color has-superbfont-xsmall-font-size wp-elements-d9f4605942fb68b90f6d5f8b7e757f75\" style=\"margin-top:4px;margin-bottom:0\">Interactive workshops for groups of up to 15 participants.\nIn a four-hour format, evidence-based insights are translated into practical leadership application: driving energy, resilience, and a healthy team environment.<\/p>\n<\/div>\n<\/div>\n<\/div>\n<\/div>\n<\/div>\n<\/div>\n\n\n\n<div class=\"wp-block-columns alignwide is-layout-flex wp-container-core-columns-is-layout-28f84493 wp-block-columns-is-layout-flex\">\n<div class=\"wp-block-column is-vertically-aligned-stretch ext-animate--on is-layout-flow wp-block-column-is-layout-flow\">\n<div class=\"wp-block-group is-style-ext-preset--group--natural-1--item-card-1--align-start has-tertiary-background-color has-background is-vertical is-content-justification-stretch is-layout-flex wp-container-core-group-is-layout-4cb539e6 wp-block-group-is-layout-flex\" style=\"min-height:100%;padding-top:0;padding-right:0;padding-bottom:0;padding-left:0\">\n<figure class=\"wp-block-image size-full\"><img decoding=\"async\" width=\"768\" height=\"576\" src=\"https:\/\/encompass-performance.de\/wp-content\/uploads\/2026\/03\/3c18039e-8f02-48a5-8192-1859d02e1a38.jpg\" alt=\"\" class=\"wp-image-159\" style=\"aspect-ratio:1;object-fit:cover\" srcset=\"https:\/\/encompass-performance.de\/wp-content\/uploads\/2026\/03\/3c18039e-8f02-48a5-8192-1859d02e1a38.jpg 768w, https:\/\/encompass-performance.de\/wp-content\/uploads\/2026\/03\/3c18039e-8f02-48a5-8192-1859d02e1a38-300x225.jpg 300w, https:\/\/encompass-performance.de\/wp-content\/uploads\/2026\/03\/3c18039e-8f02-48a5-8192-1859d02e1a38-16x12.jpg 16w\" sizes=\"(max-width: 768px) 100vw, 768px\" \/><\/figure>\n\n\n\n<div class=\"wp-block-group is-style-default wp-container-content-9cfa9a5a is-vertical is-content-justification-stretch is-layout-flex wp-container-core-group-is-layout-81fd15d3 wp-block-group-is-layout-flex\" style=\"margin-top:0;padding-top:1.5rem;padding-right:0rem;padding-bottom:1.5rem;padding-left:0rem\">\n<div class=\"wp-block-columns is-not-stacked-on-mobile is-layout-flex wp-container-core-columns-is-layout-b07edb8f wp-block-columns-is-layout-flex\">\n<div class=\"wp-block-column is-layout-flow wp-block-column-is-layout-flow\" style=\"flex-basis:100%\">\n<h3 class=\"wp-block-heading has-mono-1-color has-text-color has-link-color has-medium-font-size wp-elements-9febd178669830980932e45de38ad9de\">Keynote Sessions<\/h3>\n\n\n\n<p class=\"has-contrast-dark-color has-text-color has-link-color has-superbfont-xsmall-font-size wp-elements-45fec5a4e06c67d2484d5a8130b6ee83\" style=\"margin-top:4px;margin-bottom:0\">Short, focused sessions (45\u201360 minutes) designed to spark new perspectives on key health topics.\nEvidence-based insights and practical takeaways create awareness and drive initial behavioral change.<\/p>\n<\/div>\n<\/div>\n<\/div>\n<\/div>\n<\/div>\n\n\n\n<div class=\"wp-block-column is-vertically-aligned-stretch ext-animate--on is-layout-flow wp-block-column-is-layout-flow\">\n<div class=\"wp-block-group is-style-ext-preset--group--natural-1--item-card-1--align-start has-tertiary-background-color has-background is-vertical is-content-justification-stretch is-layout-flex wp-container-core-group-is-layout-4cb539e6 wp-block-group-is-layout-flex\" style=\"min-height:100%;padding-top:0;padding-right:0;padding-bottom:0;padding-left:0\">\n<figure class=\"wp-block-image size-full\"><img loading=\"lazy\" decoding=\"async\" width=\"768\" height=\"576\" src=\"https:\/\/encompass-performance.de\/wp-content\/uploads\/2026\/03\/084880ef-4e10-426d-803a-f8a02337e692.jpg\" alt=\"\" class=\"wp-image-162\" style=\"aspect-ratio:1;object-fit:cover\"\/><\/figure>\n\n\n\n<div class=\"wp-block-group is-style-default wp-container-content-9cfa9a5a is-vertical is-content-justification-stretch is-layout-flex wp-container-core-group-is-layout-81fd15d3 wp-block-group-is-layout-flex\" style=\"margin-top:0;padding-top:1.5rem;padding-right:0rem;padding-bottom:1.5rem;padding-left:0rem\">\n<div class=\"wp-block-columns is-not-stacked-on-mobile is-layout-flex wp-container-core-columns-is-layout-ea69a204 wp-block-columns-is-layout-flex\">\n<div class=\"wp-block-column is-layout-flow wp-block-column-is-layout-flow\" style=\"flex-basis:100%\">\n<h3 class=\"wp-block-heading has-mono-1-color has-text-color has-link-color has-medium-font-size wp-elements-6c58e29df63d1f4fa2005b22a79873bd\">Coach the Coach<\/h3>\n\n\n\n<p class=\"has-contrast-dark-color has-text-color has-link-color has-superbfont-xsmall-font-size wp-elements-aca6838b3b0438f5053bb84e42590e8a\" style=\"margin-top:4px;margin-bottom:0\">Designed for HR and Learning &amp; Development teams.\nWe co-create concepts and materials that embed health capabilities sustainably across the organization, enabling a scalable multiplier effect with long-term impact.<\/p>\n<\/div>\n<\/div>\n<\/div>\n<\/div>\n<\/div>\n<\/div>\n<\/div>\n\n\n\n<p><\/p>","protected":false},"excerpt":{"rendered":"<p>Das Leistungsportfolio von Encompass Performance &#8211; Health Coaching &amp; Consulting umfasst 4 Kernprodukte, die Unternehmen gezielt ansprechen. Sie adressieren zwei Ebenen gesunder F\u00fchrung: die individuelle Gesundheit von F\u00fchrungskr\u00e4ften sowie ein gesundheitsbewusstes Teamklima. Alle Formate sind modular, praxisnah und wissenschaftlich fundiert und k\u00f6nnen in Umfang und Schwerpunkt an die spezifischen Anforderungen des Unternehmens angepasst werden. 1:1 [&hellip;]<\/p>\n","protected":false},"author":1,"featured_media":0,"parent":0,"menu_order":0,"comment_status":"closed","ping_status":"closed","template":"","meta":{"footnotes":""},"class_list":["post-602","page","type-page","status-publish","hentry"],"_links":{"self":[{"href":"https:\/\/encompass-performance.de\/en\/wp-json\/wp\/v2\/pages\/602","targetHints":{"allow":["GET"]}}],"collection":[{"href":"https:\/\/encompass-performance.de\/en\/wp-json\/wp\/v2\/pages"}],"about":[{"href":"https:\/\/encompass-performance.de\/en\/wp-json\/wp\/v2\/types\/page"}],"author":[{"embeddable":true,"href":"https:\/\/encompass-performance.de\/en\/wp-json\/wp\/v2\/users\/1"}],"replies":[{"embeddable":true,"href":"https:\/\/encompass-performance.de\/en\/wp-json\/wp\/v2\/comments?post=602"}],"version-history":[{"count":90,"href":"https:\/\/encompass-performance.de\/en\/wp-json\/wp\/v2\/pages\/602\/revisions"}],"predecessor-version":[{"id":1350,"href":"https:\/\/encompass-performance.de\/en\/wp-json\/wp\/v2\/pages\/602\/revisions\/1350"}],"wp:attachment":[{"href":"https:\/\/encompass-performance.de\/en\/wp-json\/wp\/v2\/media?parent=602"}],"curies":[{"name":"wp","href":"https:\/\/api.w.org\/{rel}","templated":true}]}}