{"id":601,"date":"2026-03-22T10:44:55","date_gmt":"2026-03-22T10:44:55","guid":{"rendered":"https:\/\/encompass-performance.de\/?page_id=601"},"modified":"2026-04-08T16:54:47","modified_gmt":"2026-04-08T16:54:47","slug":"ueber-uns","status":"publish","type":"page","link":"https:\/\/encompass-performance.de\/en\/ueber-uns\/","title":{"rendered":"About us"},"content":{"rendered":"<div class=\"wp-block-group alignfull is-style-ext-preset--group--natural-1--section ext-hero-section has-background-background-color has-background has-global-padding is-layout-constrained wp-block-group-is-layout-constrained\" style=\"margin-top:0;margin-bottom:0;padding-top:1.5rem;padding-bottom:1.5rem\">\n<div class=\"wp-block-columns alignwide are-vertically-aligned-center is-layout-flex wp-container-core-columns-is-layout-174606dc wp-block-columns-is-layout-flex\">\n<div class=\"wp-block-column is-vertically-aligned-center ext-animate--on is-layout-flow wp-block-column-is-layout-flow\" style=\"padding-right:var(--wp--preset--spacing--superbspacing-xsmall);flex-basis:50%\">\n<h1 class=\"wp-block-heading\" style=\"margin-right:var(--wp--preset--spacing--superbspacing-xxsmall);margin-left:0;font-size:clamp(24.034px, 1.502rem + ((1vw - 3.2px) * 1.814), 40px);\">We are Mona &amp; Laura, founder of <em>Encompass Performance \u2013 Health Coaching &amp; Consulting<\/em><\/h1>\n\n\n\n<p class=\"ext-animate--off has-contrast-dark-color has-text-color has-link-color wp-elements-63425a57bb8c11ba6b29f7a2d9f6b62a\" style=\"margin-top:1.5rem\">We founded this company on the belief that health is still not treated as a priority in day-to-day leadership.<\/p>\n<\/div>\n\n\n\n<div class=\"wp-block-column is-vertically-aligned-center ext-animate--on is-layout-flow wp-block-column-is-layout-flow\">\n<div class=\"wp-block-columns is-not-stacked-on-mobile is-layout-flex wp-container-core-columns-is-layout-28f84493 wp-block-columns-is-layout-flex\">\n<div class=\"wp-block-column ext-animate--off is-layout-flow wp-container-core-column-is-layout-634f0b9d wp-block-column-is-layout-flow\" style=\"flex-basis:40%\">\n<figure class=\"wp-block-image size-large is-style-ext-preset--image--natural-1--image-1--content-bottom\"><img fetchpriority=\"high\" decoding=\"async\" width=\"613\" height=\"1024\" src=\"https:\/\/encompass-performance.de\/wp-content\/uploads\/2026\/03\/IMG_9423-613x1024.jpeg\" alt=\"\" class=\"wp-image-767\" style=\"aspect-ratio:3\/4;object-fit:cover\" srcset=\"https:\/\/encompass-performance.de\/wp-content\/uploads\/2026\/03\/IMG_9423-613x1024.jpeg 613w, https:\/\/encompass-performance.de\/wp-content\/uploads\/2026\/03\/IMG_9423-180x300.jpeg 180w, https:\/\/encompass-performance.de\/wp-content\/uploads\/2026\/03\/IMG_9423-768x1283.jpeg 768w, https:\/\/encompass-performance.de\/wp-content\/uploads\/2026\/03\/IMG_9423-920x1536.jpeg 920w, https:\/\/encompass-performance.de\/wp-content\/uploads\/2026\/03\/IMG_9423-1226x2048.jpeg 1226w, https:\/\/encompass-performance.de\/wp-content\/uploads\/2026\/03\/IMG_9423-7x12.jpeg 7w, https:\/\/encompass-performance.de\/wp-content\/uploads\/2026\/03\/IMG_9423.jpeg 1379w\" sizes=\"(max-width: 613px) 100vw, 613px\" \/><\/figure>\n\n\n<\/div>\n\n\n\n<div class=\"wp-block-column ext-animate--off is-layout-flow wp-container-core-column-is-layout-8a368f38 wp-block-column-is-layout-flow\">\n<div class=\"wp-block-group has-global-padding is-layout-constrained wp-container-core-group-is-layout-79971806 wp-block-group-is-layout-constrained\" style=\"padding-left:var(--wp--preset--spacing--70)\">\n<div class=\"wp-block-group is-style-ext-preset--group--natural-1--item-card-1--align-start has-tertiary-background-color has-background has-global-padding is-layout-constrained wp-container-core-group-is-layout-639b5052 wp-block-group-is-layout-constrained\" style=\"border-style:none;border-width:0px;padding-top:0;padding-right:0;padding-bottom:0;padding-left:0;box-shadow:none\">\n<div class=\"wp-block-group has-global-padding is-layout-constrained wp-container-core-group-is-layout-639b5052 wp-block-group-is-layout-constrained\" style=\"padding-top:0;padding-right:0;padding-bottom:0;padding-left:0\">\n<div style=\"height:160px\" aria-hidden=\"true\" class=\"wp-block-spacer\"><\/div>\n<\/div>\n<\/div>\n<\/div>\n\n\n\n<div class=\"wp-block-group has-global-padding is-layout-constrained wp-container-core-group-is-layout-38528d72 wp-block-group-is-layout-constrained\" style=\"margin-top:-96px;padding-right:24px\">\n<figure class=\"wp-block-image size-large is-style-ext-preset--image--natural-1--image-1--content-top\"><img decoding=\"async\" width=\"683\" height=\"1024\" src=\"https:\/\/encompass-performance.de\/wp-content\/uploads\/2026\/03\/V8A3658-683x1024.jpeg\" alt=\"\" class=\"wp-image-527\" style=\"aspect-ratio:3\/4;object-fit:cover\" title=\"\" srcset=\"https:\/\/encompass-performance.de\/wp-content\/uploads\/2026\/03\/V8A3658-683x1024.jpeg 683w, https:\/\/encompass-performance.de\/wp-content\/uploads\/2026\/03\/V8A3658-200x300.jpeg 200w, https:\/\/encompass-performance.de\/wp-content\/uploads\/2026\/03\/V8A3658-768x1152.jpeg 768w, https:\/\/encompass-performance.de\/wp-content\/uploads\/2026\/03\/V8A3658-1024x1536.jpeg 1024w, https:\/\/encompass-performance.de\/wp-content\/uploads\/2026\/03\/V8A3658-1365x2048.jpeg 1365w, https:\/\/encompass-performance.de\/wp-content\/uploads\/2026\/03\/V8A3658-8x12.jpeg 8w, https:\/\/encompass-performance.de\/wp-content\/uploads\/2026\/03\/V8A3658-scaled.jpeg 1707w\" sizes=\"(max-width: 683px) 100vw, 683px\" \/><\/figure>\n<\/div>\n<\/div>\n<\/div>\n<\/div>\n<\/div>\n<\/div>\n\n\n\n<div class=\"wp-block-group alignfull is-style-ext-preset--group--natural-1--section has-background-background-color has-background has-global-padding is-layout-constrained wp-container-core-group-is-layout-2dc002e9 wp-block-group-is-layout-constrained\" style=\"margin-top:0;margin-bottom:0;padding-top:0rem;padding-right:0rem;padding-bottom:0rem;padding-left:0rem\">\n<div class=\"wp-block-columns alignwide is-layout-flex wp-container-core-columns-is-layout-47c06fe3 wp-block-columns-is-layout-flex\">\n<div class=\"wp-block-column is-vertically-aligned-center is-layout-flow wp-container-core-column-is-layout-f5bb311e wp-block-column-is-layout-flow\" style=\"flex-basis:40%\">\n<figure class=\"wp-block-image size-large is-style-ext-preset--image--natural-1--image-1--content-bottom ext-animate--on\"><img decoding=\"async\" width=\"683\" height=\"1024\" src=\"https:\/\/encompass-performance.de\/wp-content\/uploads\/2026\/03\/V8A3160-1-683x1024.jpeg\" alt=\"\" class=\"wp-image-773\" style=\"aspect-ratio:1;object-fit:cover\" srcset=\"https:\/\/encompass-performance.de\/wp-content\/uploads\/2026\/03\/V8A3160-1-683x1024.jpeg 683w, https:\/\/encompass-performance.de\/wp-content\/uploads\/2026\/03\/V8A3160-1-200x300.jpeg 200w, https:\/\/encompass-performance.de\/wp-content\/uploads\/2026\/03\/V8A3160-1-768x1152.jpeg 768w, https:\/\/encompass-performance.de\/wp-content\/uploads\/2026\/03\/V8A3160-1-1024x1536.jpeg 1024w, https:\/\/encompass-performance.de\/wp-content\/uploads\/2026\/03\/V8A3160-1-1365x2048.jpeg 1365w, https:\/\/encompass-performance.de\/wp-content\/uploads\/2026\/03\/V8A3160-1-8x12.jpeg 8w, https:\/\/encompass-performance.de\/wp-content\/uploads\/2026\/03\/V8A3160-1-scaled.jpeg 1707w\" sizes=\"(max-width: 683px) 100vw, 683px\" \/><\/figure>\n<\/div>\n\n\n\n<div class=\"wp-block-column is-vertically-aligned-center is-layout-flow wp-block-column-is-layout-flow\" style=\"flex-basis:60%\">\n<h2 class=\"wp-block-heading ext-animate--on has-large-font-size\">Mona <\/h2>\n\n\n\n<p class=\"ext-animate--on has-contrast-dark-color has-text-color has-link-color wp-elements-ae328febcd8e15c3bdfd716fcc5dc1ef\" style=\"margin-top:16px\">As a former leader at Amazon and Audible, I have first-hand experience of the realities of responsibility, decision pressure, and high-paced environments. I understand how challenging it is to sustain high performance over time and how easily health becomes deprioritized when operational demands dominate.<\/p>\n\n\n\n<p class=\"has-contrast-dark-color has-text-color has-link-color wp-elements-38a5d8280f722417d3d276f1b03c7a21\">What initially started as a personal initiative quickly evolved into a strong desire to share this knowledge and support others.\nBuilding on my background in business administration and business psychology, I have deliberately expanded my expertise in the field of health.\nI am a T\u00dcV-certified Health Coach, trained at the Medletics Academy. In addition, I hold further qualifications in training, nutrition, and breathwork, which I continuously deepen and expand.<\/p>\n\n\n\n<ul class=\"wp-block-social-links has-normal-icon-size has-icon-color is-style-logos-only ext-animate--on is-layout-flex wp-container-core-social-links-is-layout-ec7a6dbc wp-block-social-links-is-layout-flex\" style=\"margin-top:var(--wp--preset--spacing--30)\"><li style=\"color:#6f7f73;\" class=\"wp-social-link wp-social-link-linkedin has-mono-1-color wp-block-social-link\"><a href=\"https:\/\/www.linkedin.com\/in\/mona-bullerjahn\/\" class=\"wp-block-social-link-anchor\"><svg width=\"24\" height=\"24\" viewbox=\"0 0 24 24\" version=\"1.1\" xmlns=\"http:\/\/www.w3.org\/2000\/svg\" aria-hidden=\"true\" focusable=\"false\"><path d=\"M19.7,3H4.3C3.582,3,3,3.582,3,4.3v15.4C3,20.418,3.582,21,4.3,21h15.4c0.718,0,1.3-0.582,1.3-1.3V4.3 C21,3.582,20.418,3,19.7,3z M8.339,18.338H5.667v-8.59h2.672V18.338z M7.004,8.574c-0.857,0-1.549-0.694-1.549-1.548 c0-0.855,0.691-1.548,1.549-1.548c0.854,0,1.547,0.694,1.547,1.548C8.551,7.881,7.858,8.574,7.004,8.574z M18.339,18.338h-2.669 v-4.177c0-0.996-0.017-2.278-1.387-2.278c-1.389,0-1.601,1.086-1.601,2.206v4.249h-2.667v-8.59h2.559v1.174h0.037 c0.356-0.675,1.227-1.387,2.526-1.387c2.703,0,3.203,1.779,3.203,4.092V18.338z\"><\/path><\/svg><span class=\"wp-block-social-link-label screen-reader-text\">LinkedIn<\/span><\/a><\/li><\/ul>\n<\/div>\n<\/div>\n<\/div>\n\n\n\n<div class=\"wp-block-group alignfull is-style-ext-preset--group--natural-1--section has-background-background-color has-background has-global-padding is-layout-constrained wp-container-core-group-is-layout-2dc002e9 wp-block-group-is-layout-constrained\" style=\"margin-top:0;margin-bottom:0;padding-top:0rem;padding-right:0rem;padding-bottom:0rem;padding-left:0rem\">\n<div class=\"wp-block-columns alignwide column-reverse is-layout-flex wp-container-core-columns-is-layout-47c06fe3 wp-block-columns-is-layout-flex\">\n<div class=\"wp-block-column is-vertically-aligned-center is-layout-flow wp-block-column-is-layout-flow\" style=\"flex-basis:60%\">\n<h2 class=\"wp-block-heading ext-animate--on has-large-font-size\">Laura<\/h2>\n\n\n\n<p class=\"ext-animate--on has-contrast-dark-color has-text-color has-link-color wp-elements-cc57c7bf4a3573e0fe1a2fbeb02c289a\" style=\"margin-top:16px\">Through my experience in both internal and external management consulting, as well as in my current leadership role, I have gained first-hand insight into the dynamics of growth, transformation, and strategic responsibility. I have a deep understanding of how critical clear structures, focused prioritization, and strong leadership are in driving sustainable development. <\/p>\n\n\n\n<p class=\"has-contrast-dark-color has-text-color has-link-color wp-elements-1539ee9371fa89d170fa20886f09591f\">My background in business administration shapes my entrepreneurial perspective on organizations and decision-making processes. This experience informs my work at <em>Encompass Performance<\/em> while Mona leads the expert core of our work, I drive structure, strategic direction, and sustainable scaling \u2014 ensuring that health expertise and business thinking come together seamlessly.<\/p>\n\n\n\n<ul class=\"wp-block-social-links has-normal-icon-size has-icon-color is-style-logos-only ext-animate--on is-layout-flex wp-container-core-social-links-is-layout-ec7a6dbc wp-block-social-links-is-layout-flex\" style=\"margin-top:var(--wp--preset--spacing--30)\"><li style=\"color:#6f7f73;\" class=\"wp-social-link wp-social-link-linkedin has-mono-1-color wp-block-social-link\"><a href=\"https:\/\/www.linkedin.com\/in\/laura-seemann\" class=\"wp-block-social-link-anchor\"><svg width=\"24\" height=\"24\" viewbox=\"0 0 24 24\" version=\"1.1\" xmlns=\"http:\/\/www.w3.org\/2000\/svg\" aria-hidden=\"true\" focusable=\"false\"><path d=\"M19.7,3H4.3C3.582,3,3,3.582,3,4.3v15.4C3,20.418,3.582,21,4.3,21h15.4c0.718,0,1.3-0.582,1.3-1.3V4.3 C21,3.582,20.418,3,19.7,3z M8.339,18.338H5.667v-8.59h2.672V18.338z M7.004,8.574c-0.857,0-1.549-0.694-1.549-1.548 c0-0.855,0.691-1.548,1.549-1.548c0.854,0,1.547,0.694,1.547,1.548C8.551,7.881,7.858,8.574,7.004,8.574z M18.339,18.338h-2.669 v-4.177c0-0.996-0.017-2.278-1.387-2.278c-1.389,0-1.601,1.086-1.601,2.206v4.249h-2.667v-8.59h2.559v1.174h0.037 c0.356-0.675,1.227-1.387,2.526-1.387c2.703,0,3.203,1.779,3.203,4.092V18.338z\"><\/path><\/svg><span class=\"wp-block-social-link-label screen-reader-text\">LinkedIn<\/span><\/a><\/li><\/ul>\n<\/div>\n\n\n\n<div class=\"wp-block-column is-vertically-aligned-center is-layout-flow wp-container-core-column-is-layout-ba2e94e4 wp-block-column-is-layout-flow\" style=\"flex-basis:40%\">\n<figure class=\"wp-block-image size-large is-style-ext-preset--image--natural-1--image-1--content-bottom ext-animate--on\"><img loading=\"lazy\" decoding=\"async\" width=\"1024\" height=\"683\" src=\"https:\/\/encompass-performance.de\/wp-content\/uploads\/2026\/03\/IMG_9425-1024x683.jpeg\" alt=\"\" class=\"wp-image-782\" style=\"aspect-ratio:1;object-fit:cover\" srcset=\"https:\/\/encompass-performance.de\/wp-content\/uploads\/2026\/03\/IMG_9425-1024x683.jpeg 1024w, https:\/\/encompass-performance.de\/wp-content\/uploads\/2026\/03\/IMG_9425-300x200.jpeg 300w, https:\/\/encompass-performance.de\/wp-content\/uploads\/2026\/03\/IMG_9425-768x512.jpeg 768w, https:\/\/encompass-performance.de\/wp-content\/uploads\/2026\/03\/IMG_9425-1536x1024.jpeg 1536w, https:\/\/encompass-performance.de\/wp-content\/uploads\/2026\/03\/IMG_9425-2048x1365.jpeg 2048w, https:\/\/encompass-performance.de\/wp-content\/uploads\/2026\/03\/IMG_9425-18x12.jpeg 18w\" sizes=\"(max-width: 1024px) 100vw, 1024px\" \/><\/figure>\n<\/div>\n<\/div>\n<\/div>\n\n\n\n<h2 class=\"wp-block-heading\">Our approach<\/h2>\n\n\n\n<p class=\"has-contrast-dark-color has-text-color has-link-color wp-elements-33cc60998ce2d0d85c21ac6901ca07dc\">Our mission is to support companies in strengthening the health of their leaders and teams in a sustainable way, enabling organizations that are consistently high-performing, focused, and resilient. We combine business thinking with deep health expertise.<\/p>\n\n\n\n<p class=\"has-contrast-dark-color has-text-color has-link-color wp-elements-673fab15b89f4a840e21d38382784c85\">In practice, this means:<\/p>\n\n\n\n\n\n<ul class=\"wp-block-list has-contrast-dark-color has-text-color has-link-color wp-elements-e8959a6119d493259f8c6e077d3fa6af\">\n<li><strong>Evidence-based, not opinion-driven.<\/strong>&nbsp;Our work is grounded in the latest scientific research and continuous exchange with experts.<\/li>\n\n\n\n<li><strong>Clarity over complexity.<\/strong>&nbsp;Health is communicated in a structured and accessible way, with a clear focus on what truly matters \u2014 what works in everyday life.<\/li>\n\n\n\n<li><strong>Open. Genuine. Human.<\/strong>&nbsp;Honesty, transparency, and a people-centered approach are at the core of how we work.<\/li>\n\n\n\n<li><strong>Impact matters.<\/strong>&nbsp;We measure success based on tangible progress and the satisfaction of our clients.<\/li>\n\n\n\n<li><strong>Ownership over dependency.<\/strong>&nbsp;We provide structure, guidance, and evidence-based tools to support people through their transformation process and enable sustainable implementation in everyday life.<\/li>\n\n\n\n<li><strong>Stay curious.<\/strong>&nbsp;Continuous professional development is an integral part of our work.<\/li>\n<\/ul>\n\n\n\n<p class=\"has-contrast-dark-color has-text-color has-link-color wp-elements-145c74e011d82a6f4bf2a9412ebfda36\">We complement our work with a carefully selected network of experts, including medical professionals. These experts are engaged as needed to ensure a holistic and integrated approach to client support.<\/p>\n\n\n\n<h2 class=\"wp-block-heading\">Qualifications &amp; Certifications Mona<\/h2>\n\n\n\n<ul class=\"wp-block-list has-contrast-dark-color has-text-color has-link-color wp-elements-e6fb72e9e0f7534a115285be572560f1\">\n<li>T\u00dcV-certified Health Coach (Medletics Academy, Thiemo Osterhaus)<\/li>\n\n\n\n<li>Certified Fitness Trainer (B License) (OTL Academy)<\/li>\n\n\n\n<li>Breathwork Coach (Academy for Sports &amp; Health)<\/li>\n\n\n\n<li>Currently pursuing: Certified Nutrition Coach (OTL Academy)<\/li>\n\n\n\n<li>Currently pursuing: Practitioner for Integrative Diagnostics &amp; Nutrient Therapy (Medletics Academy, Thiemo Osterhaus)<\/li>\n\n\n\n<li>Master of Arts in Business Psychology, focus on Leadership &amp; Change Management (University of Applied Management Ismaning)<\/li>\n\n\n\n<li>Bachelor of Arts in Business Administration (Bielefeld University of Applied Sciences)<\/li>\n<\/ul>\n\n\n\n<h2 class=\"wp-block-heading\">Qualifications &amp; Certifications Laura<\/h2>\n\n\n\n<ul class=\"wp-block-list has-contrast-dark-color has-text-color has-link-color wp-elements-1d535f20f8f125bdd53c5cd8b1534c23\">\n<li>Graduate of the Female Leadership Program \u201cTen More In\u201d<\/li>\n\n\n\n<li>Certified Scrum Master<\/li>\n\n\n\n<li>Master of Science in Management, focus on Leadership, Diversity &amp; Sustainability (Vienna University of Economics and Business)<\/li>\n\n\n\n<li>Bachelor of Arts in Business Administration (Munich University of Applied Sciences)<\/li>\n<\/ul>\n\n\n\n<p><\/p>","protected":false},"excerpt":{"rendered":"<p>Wir sind Mona &amp; Laura, Gr\u00fcnderinnen von Encompass Performance &#8211; Health Coaching &amp; Consulting Unsere Entscheidung zur Gr\u00fcndung basiert auf der \u00dcberzeugung, dass Gesundheit im F\u00fchrungsalltag bislang nicht die systematische Bedeutung erh\u00e4lt, die sie verdient. Mona Als ehemalige F\u00fchrungskraft bei Amazon und Audible kenne ich die Realit\u00e4t von Verantwortung, Entscheidungsdruck und hohem Tempo aus eigener [&hellip;]<\/p>\n","protected":false},"author":1,"featured_media":0,"parent":0,"menu_order":0,"comment_status":"closed","ping_status":"closed","template":"","meta":{"footnotes":""},"class_list":["post-601","page","type-page","status-publish","hentry"],"_links":{"self":[{"href":"https:\/\/encompass-performance.de\/en\/wp-json\/wp\/v2\/pages\/601","targetHints":{"allow":["GET"]}}],"collection":[{"href":"https:\/\/encompass-performance.de\/en\/wp-json\/wp\/v2\/pages"}],"about":[{"href":"https:\/\/encompass-performance.de\/en\/wp-json\/wp\/v2\/types\/page"}],"author":[{"embeddable":true,"href":"https:\/\/encompass-performance.de\/en\/wp-json\/wp\/v2\/users\/1"}],"replies":[{"embeddable":true,"href":"https:\/\/encompass-performance.de\/en\/wp-json\/wp\/v2\/comments?post=601"}],"version-history":[{"count":218,"href":"https:\/\/encompass-performance.de\/en\/wp-json\/wp\/v2\/pages\/601\/revisions"}],"predecessor-version":[{"id":1362,"href":"https:\/\/encompass-performance.de\/en\/wp-json\/wp\/v2\/pages\/601\/revisions\/1362"}],"wp:attachment":[{"href":"https:\/\/encompass-performance.de\/en\/wp-json\/wp\/v2\/media?parent=601"}],"curies":[{"name":"wp","href":"https:\/\/api.w.org\/{rel}","templated":true}]}}